{"id":781,"date":"2022-02-28T10:10:51","date_gmt":"2022-02-28T10:10:51","guid":{"rendered":"https:\/\/www.flocatsitter.fr\/?page_id=781"},"modified":"2023-02-16T12:39:50","modified_gmt":"2023-02-16T11:39:50","slug":"politique-de-confidentialite","status":"publish","type":"page","link":"https:\/\/www.flocatsitter.fr\/?page_id=781","title":{"rendered":"Politique de confidentialit\u00e9"},"content":{"rendered":"\t\t<div data-elementor-type=\"wp-page\" data-elementor-id=\"781\" class=\"elementor elementor-781\">\n\t\t\t\t\t\t<section class=\"elementor-section elementor-top-section elementor-element elementor-element-56b22458 elementor-section-boxed elementor-section-height-default elementor-section-height-default\" data-id=\"56b22458\" data-element_type=\"section\" data-e-type=\"section\">\n\t\t\t\t\t\t<div class=\"elementor-container elementor-column-gap-default\">\n\t\t\t\t\t<div class=\"elementor-column elementor-col-100 elementor-top-column elementor-element elementor-element-4ecff3a7\" data-id=\"4ecff3a7\" data-element_type=\"column\" data-e-type=\"column\">\n\t\t\t<div class=\"elementor-widget-wrap elementor-element-populated\">\n\t\t\t\t\t\t<div class=\"elementor-element elementor-element-39a1388a elementor-widget elementor-widget-text-editor\" data-id=\"39a1388a\" data-element_type=\"widget\" data-e-type=\"widget\" data-widget_type=\"text-editor.default\">\n\t\t\t\t<div class=\"elementor-widget-container\">\n\t\t\t\t\t\t\t\t\t<p><\/p>\n<p>Florence GLENISSON EI sous le nom commercial de FLOCATSITTER s&rsquo;engage \u00e0 prot\u00e9ger la vie priv\u00e9e de ses clients. Veuillez prendre le temps de lire cette notice qui d\u00e9taille les informations que nous collectons \u00e0 votre sujet, comment nous les utilisons ainsi que vos droits.<\/p>\n<p><strong>1.Collecte de l\u2019information <\/strong><\/p>\n<p>Nous collectons vos donn\u00e9es personnelles lorsque vous nous les fournissez directement et via votre utilisation du Site. Ces informations peuvent inclure :<\/p>\n<ul>\n<li>Les informations que vous nous fournissez lorsque vous utilisez notre site (par exemple, votre nom, votre adresse, t\u00e9l\u00e9phone, Email, nom de l\u2019animal et toute autre information personnelle que vous nous communiquez) ;<\/li>\n<li>Les informations collect\u00e9es automatiquement \u00e0 l&rsquo;aide de cookies et d&rsquo;autres technologies de suivi (par exemple, les pages que vous avez consult\u00e9s et si vous avez cliqu\u00e9 sur un lien dans l&rsquo;une de nos pages). Nous pouvons \u00e9galement collecter des informations sur l&rsquo;appareil que vous utilisez pour acc\u00e9der \u00e0 notre site ;<\/li>\n<\/ul>\n<p>En outre, nous recevons et enregistrons automatiquement des informations \u00e0 partir de votre ordinateur et navigateur, y compris votre adresse IP, vos logiciels et votre mat\u00e9riel, et la page que vous demandez.<\/p>\n<p>Avant de nous divulguer des informations personnelles concernant une autre personne, vous devez obtenir le consentement de ladite personne en ce qui concerne la divulgation et le traitement de ces informations personnelles selon les termes de cette politique<\/p>\n<p><strong>2. Utilisation des informations <\/strong><\/p>\n<p>Toutes les informations que nous recueillons aupr\u00e8s de vous peuvent \u00eatre utilis\u00e9es pour :<\/p>\n<p>&#8211; Personnaliser votre exp\u00e9rience et r\u00e9pondre \u00e0 vos besoins individuels<\/p>\n<p>&#8211; Am\u00e9liorer et maintenir notre site et surveiller son utilisation<\/p>\n<p>&#8211; Vous contacter par e-mail<\/p>\n<p>&#8211; Vous envoyer des devis, des contrats, des factures et des rappels de paiement<\/p>\n<p>&#8211; Maintenir la s\u00e9curit\u00e9 de notre site web et emp\u00eacher la fraude<\/p>\n<p>&#8211; Fournir des informations statistiques \u00e0 propos de nos utilisateurs<\/p>\n<p><strong>3. Dur\u00e9e de stockage<\/strong><\/p>\n<p>Nous conserverons vos donn\u00e9es personnelles aussi longtemps que nous en aurons besoin et cette p\u00e9riode variera en fonction de vos interactions avec nous. Par exemple, lorsque vous avez effectu\u00e9 une demande de prestation, nous conserverons un enregistrement de votre devis pour la p\u00e9riode n\u00e9cessaire \u00e0 la facturation. Nous pouvons \u00e9galement conserver un dossier de correspondance avec vous aussi longtemps que n\u00e9cessaire pour nous prot\u00e9ger d&rsquo;une r\u00e9clamation l\u00e9gale. Si nous n&rsquo;avons plus besoin de conserver vos informations, nous les supprimerons. Veuillez noter que lorsque vous vous d\u00e9sinscrivez de nos communications marketing, nous conservons un enregistrement de votre adresse e-mail pour nous assurer que nous ne vous envoyons plus d&rsquo;e-mails marketing \u00e0 l&rsquo;avenir.<\/p>\n<p><strong>4. Confidentialit\u00e9 <\/strong><\/p>\n<p>Nous sommes les seuls propri\u00e9taires des informations recueillies sur ce site. Vos informations personnelles ne seront pas vendues, \u00e9chang\u00e9es, transf\u00e9r\u00e9es, ou donn\u00e9es \u00e0 une autre soci\u00e9t\u00e9 pour n\u2019importe quelle raison.<\/p>\n<p><strong>5. Divulgation \u00e0 des tiers <\/strong><\/p>\n<p>Nous ne vendons, n\u2019\u00e9changeons et ne transf\u00e9rons pas vos informations personnelles identifiables \u00e0 des tiers. Cela ne comprend pas les tierce parties de confiance qui nous aident \u00e0 exploiter notre site Web ou \u00e0 mener nos affaires, tant que ces parties conviennent de garder ces informations confidentielles.<\/p>\n<p>Nous pensons qu\u2019il est n\u00e9cessaire de partager des informations afin d\u2019enqu\u00eater, de pr\u00e9venir ou de prendre des mesures concernant des activit\u00e9s ill\u00e9gales, fraudes pr\u00e9sum\u00e9es, situations impliquant des menaces potentielles \u00e0 la s\u00e9curit\u00e9 physique de toute personne, violations de nos conditions d\u2019utilisation, ou quand la loi nous y contraint.<\/p>\n<p>Sauf disposition contraire de la pr\u00e9sente politique, nous ne transmettrons pas vos informations personnelles \u00e0 des tierces parties.<\/p>\n<p><strong>6. Liens Hypertextes <\/strong><\/p>\n<p>Notre site web contient des liens hypertextes menant vers des sites web tiers et des informations les concernant. Nous n\u2019avons aucun contr\u00f4le sur ces sites, et ne sommes pas responsables de leurs politiques de confidentialit\u00e9 ni de leurs pratiques. Nous d\u00e9clinons toute responsabilit\u00e9 quant au contenu des informations fournies sur les sites auxquels acc\u00e8dent les utilisateurs par l\u2019interm\u00e9diaire des liens hypertextes.<\/p>\n<p><strong>7. Protection des informations <\/strong><\/p>\n<p>Nous mettons en \u0153uvre une vari\u00e9t\u00e9 de mesures de s\u00e9curit\u00e9 pour pr\u00e9server la s\u00e9curit\u00e9 de vos informations personnelles. Nous utilisons un cryptage \u00e0 la pointe de la technologie pour prot\u00e9ger les informations sensibles transmises en ligne. Nous prot\u00e9geons \u00e9galement vos informations hors ligne. Les ordinateurs et serveurs utilis\u00e9s pour stocker des informations personnelles identifiables sont conserv\u00e9s dans un environnement s\u00e9curis\u00e9 (prot\u00e9g\u00e9s par mot de passe et pare-feu).<\/p>\n<p>Bien que nous fassions tout ce qui est en notre pouvoir pour garantir que les donn\u00e9es personnelles soient prot\u00e9g\u00e9es \u00e0 tout moment depuis notre site, nous ne pouvons garantir la s\u00e9curit\u00e9 et l&rsquo;int\u00e9grit\u00e9 des informations qui ont \u00e9t\u00e9 transmises \u00e0 notre site.\u00a0\u00a0\u00a0\u00a0\u00a0\u00a0\u00a0\u00a0\u00a0\u00a0<\/p>\n<p><strong>Est-ce que nous utilisons des cookies ? <\/strong><\/p>\n<p>Notre site web utilise des cookies. Un cookie est un fichier contenant un identifiant (une cha\u00eene de lettres et de chiffres) envoy\u00e9 par un serveur web vers un navigateur web et stock\u00e9 par le navigateur. L\u2019identifiant est alors renvoy\u00e9 au serveur \u00e0 chaque fois que le navigateur demande une page au serveur.<\/p>\n<ol>\n<li>Les noms des cookies que nous utilisons sur notre site web et les objectifs dans lesquels nous les utilisons sont d\u00e9crits dans notre page <a href=\"https:\/\/www.flocatsitter.fr\/politique-de-cookies-ue\/\">Politique de cookies (UE)<\/a><\/li>\n<li>La plupart des navigateurs vous permettent de refuser ou d\u2019accepter les cookies. Vous pouvez utiliser votre navigateur internet pour supprimer automatiquement ou manuellement les cookies. Vous pouvez \u00e9galement sp\u00e9cifier que certains cookies ne peuvent pas \u00eatre plac\u00e9s. Une autre option consiste \u00e0 modifier les r\u00e9glages de votre navigateur Internet afin que vous receviez un message \u00e0 chaque fois qu\u2019un cookie est plac\u00e9. Pour plus d\u2019informations sur ces options, reportez-vous aux instructions de la section Aide de votre navigateur.<\/li>\n<\/ol>\n<p>Bloquer tous les cookies aura un impact n\u00e9gatif sur l\u2019utilisation de nombreux sites web. Si vous bloquez les cookies, vous ne pourrez pas utiliser toutes les fonctionnalit\u00e9s de notre site web.<\/p>\n<p>Nos cookies am\u00e9liorent l\u2019acc\u00e8s \u00e0 notre site et identifient les visiteurs r\u00e9guliers. En outre, nos cookies am\u00e9liorent l\u2019exp\u00e9rience d\u2019utilisateur gr\u00e2ce au suivi et au ciblage de ses int\u00e9r\u00eats. Cependant, cette utilisation des cookies n\u2019est en aucune fa\u00e7on li\u00e9e \u00e0 des informations personnelles identifiables sur notre site.<\/p>\n<p><strong>8. Se d\u00e9sabonner <\/strong><\/p>\n<p>Nous utilisons l\u2019adresse e-mail que vous fournissez pour vous envoyer des informations et mises \u00e0 jour relatives \u00e0 votre demande de prestation, des nouvelles de l\u2019entreprise de fa\u00e7on occasionnelle, \u00a0etc. Si \u00e0 n\u2019importe quel moment vous souhaitez vous d\u00e9sinscrire et ne plus recevoir d\u2019e-mails, vous pouvez exercer votre droit d\u2019acc\u00e8s, de modification, de suppression et d\u2019opposition aux donn\u00e9es vous concernant \u00e0 tout moment en nous \u00e9crivant \u00e0 <a href=\"mailto:contact@flocatsitter.fr\" target=\"_blank\" rel=\"noopener\">contact@flocatsitter.fr<\/a> \u00a0\u00a0<\/p>\n<p>Vous avez le droit d&rsquo;introduire une r\u00e9clamation aupr\u00e8s de la CNIL \u00a0\u00a0\u00a0\u00a0\u00a0\u00a0\u00a0\u00a0<\/p>\n<p><strong>9. Droit de modifications <\/strong><\/p>\n<p>FLOCATSITTER se r\u00e9serve le droit d\u2019apporter des modifications \u00e0 cette politique de confidentialit\u00e9<\/p>\n<p><strong>10. Consentement <\/strong><\/p>\n<p>En utilisant notre site, vous consentez \u00e0 notre politique de confidentialit\u00e9.<\/p>\n<p><\/p>\t\t\t\t\t\t\t\t<\/div>\n\t\t\t\t<\/div>\n\t\t\t\t\t<\/div>\n\t\t<\/div>\n\t\t\t\t\t<\/div>\n\t\t<\/section>\n\t\t\t\t<\/div>\n\t\t","protected":false},"excerpt":{"rendered":"<p>Florence GLENISSON EI sous le nom commercial de FLOCATSITTER s&rsquo;engage \u00e0 prot\u00e9ger la vie priv\u00e9e de ses clients. Veuillez prendre le temps de lire cette notice qui d\u00e9taille les informations que nous collectons \u00e0 votre sujet, comment nous les utilisons ainsi que vos droits. 1.Collecte de l\u2019information Nous collectons vos donn\u00e9es personnelles lorsque vous nous [&hellip;]<\/p>\n","protected":false},"author":4,"featured_media":0,"parent":0,"menu_order":0,"comment_status":"closed","ping_status":"closed","template":"","meta":{"ocean_post_layout":"","ocean_both_sidebars_style":"","ocean_both_sidebars_content_width":0,"ocean_both_sidebars_sidebars_width":0,"ocean_sidebar":"0","ocean_second_sidebar":"0","ocean_disable_margins":"enable","ocean_add_body_class":"","ocean_shortcode_before_top_bar":"","ocean_shortcode_after_top_bar":"","ocean_shortcode_before_header":"","ocean_shortcode_after_header":"","ocean_has_shortcode":"","ocean_shortcode_after_title":"","ocean_shortcode_before_footer_widgets":"","ocean_shortcode_after_footer_widgets":"","ocean_shortcode_before_footer_bottom":"","ocean_shortcode_after_footer_bottom":"","ocean_display_top_bar":"default","ocean_display_header":"default","ocean_header_style":"","ocean_center_header_left_menu":"0","ocean_custom_header_template":"0","ocean_custom_logo":0,"ocean_custom_retina_logo":0,"ocean_custom_logo_max_width":0,"ocean_custom_logo_tablet_max_width":0,"ocean_custom_logo_mobile_max_width":0,"ocean_custom_logo_max_height":0,"ocean_custom_logo_tablet_max_height":0,"ocean_custom_logo_mobile_max_height":0,"ocean_header_custom_menu":"0","ocean_menu_typo_font_family":"0","ocean_menu_typo_font_subset":"","ocean_menu_typo_font_size":0,"ocean_menu_typo_font_size_tablet":0,"ocean_menu_typo_font_size_mobile":0,"ocean_menu_typo_font_size_unit":"px","ocean_menu_typo_font_weight":"","ocean_menu_typo_font_weight_tablet":"","ocean_menu_typo_font_weight_mobile":"","ocean_menu_typo_transform":"","ocean_menu_typo_transform_tablet":"","ocean_menu_typo_transform_mobile":"","ocean_menu_typo_line_height":0,"ocean_menu_typo_line_height_tablet":0,"ocean_menu_typo_line_height_mobile":0,"ocean_menu_typo_line_height_unit":"","ocean_menu_typo_spacing":0,"ocean_menu_typo_spacing_tablet":0,"ocean_menu_typo_spacing_mobile":0,"ocean_menu_typo_spacing_unit":"","ocean_menu_link_color":"","ocean_menu_link_color_hover":"","ocean_menu_link_color_active":"","ocean_menu_link_background":"","ocean_menu_link_hover_background":"","ocean_menu_link_active_background":"","ocean_menu_social_links_bg":"","ocean_menu_social_hover_links_bg":"","ocean_menu_social_links_color":"","ocean_menu_social_hover_links_color":"","ocean_disable_title":"default","ocean_disable_heading":"default","ocean_post_title":"","ocean_post_subheading":"","ocean_post_title_style":"","ocean_post_title_background_color":"","ocean_post_title_background":0,"ocean_post_title_bg_image_position":"","ocean_post_title_bg_image_attachment":"","ocean_post_title_bg_image_repeat":"","ocean_post_title_bg_image_size":"","ocean_post_title_height":0,"ocean_post_title_bg_overlay":0.5,"ocean_post_title_bg_overlay_color":"","ocean_disable_breadcrumbs":"default","ocean_breadcrumbs_color":"","ocean_breadcrumbs_separator_color":"","ocean_breadcrumbs_links_color":"","ocean_breadcrumbs_links_hover_color":"","ocean_display_footer_widgets":"default","ocean_display_footer_bottom":"default","ocean_custom_footer_template":"0","footnotes":""},"class_list":["post-781","page","type-page","status-publish","hentry","entry"],"_links":{"self":[{"href":"https:\/\/www.flocatsitter.fr\/index.php?rest_route=\/wp\/v2\/pages\/781","targetHints":{"allow":["GET"]}}],"collection":[{"href":"https:\/\/www.flocatsitter.fr\/index.php?rest_route=\/wp\/v2\/pages"}],"about":[{"href":"https:\/\/www.flocatsitter.fr\/index.php?rest_route=\/wp\/v2\/types\/page"}],"author":[{"embeddable":true,"href":"https:\/\/www.flocatsitter.fr\/index.php?rest_route=\/wp\/v2\/users\/4"}],"replies":[{"embeddable":true,"href":"https:\/\/www.flocatsitter.fr\/index.php?rest_route=%2Fwp%2Fv2%2Fcomments&post=781"}],"version-history":[{"count":4,"href":"https:\/\/www.flocatsitter.fr\/index.php?rest_route=\/wp\/v2\/pages\/781\/revisions"}],"predecessor-version":[{"id":3232,"href":"https:\/\/www.flocatsitter.fr\/index.php?rest_route=\/wp\/v2\/pages\/781\/revisions\/3232"}],"wp:attachment":[{"href":"https:\/\/www.flocatsitter.fr\/index.php?rest_route=%2Fwp%2Fv2%2Fmedia&parent=781"}],"curies":[{"name":"wp","href":"https:\/\/api.w.org\/{rel}","templated":true}]}}